{"id":32,"date":"2016-11-08T19:53:02","date_gmt":"2016-11-08T19:53:02","guid":{"rendered":"http:\/\/orthopaedieschuhtechnik-b-klein.de\/?page_id=32"},"modified":"2022-11-25T16:05:25","modified_gmt":"2022-11-25T16:05:25","slug":"impressum","status":"publish","type":"page","link":"https:\/\/orthopaedieschuhtechnik-b-klein.de\/?page_id=32","title":{"rendered":"Impressum"},"content":{"rendered":"<h1>Angaben gem\u00e4\u00df \u00a7 5 TMG:<\/h1>\n<p>Berthold Klein<br \/>\nOrthop\u00e4die-Schuhtechnik<br \/>\nNeuer Weg 18<br \/>\n53567 Asbach-Sch\u00f6neberg<\/p>\n<h2>Kontakt:<\/h2>\n<table>\n<tbody>\n<tr>\n<td>Telefon:<\/td>\n<td>+49 2683 4501<\/td>\n<\/tr>\n<tr>\n<td>Telefax:<\/td>\n<td>+49 2684 43 948<\/td>\n<\/tr>\n<tr>\n<td>E-Mail:<\/td>\n<td>skoggle@gmx.de<\/td>\n<\/tr>\n<\/tbody>\n<\/table>\n<h2>Umsatzsteuer-ID:<\/h2>\n<p>Umsatzsteuer-Identifikationsnummer gem\u00e4\u00df \u00a727 a Umsatzsteuergesetz:<br \/>\nDE 149435604<\/p>\n<p>Institutionskennzeichen: 340710338<\/p>\n<p>Steuer-Nr. 32\/087\/5523\/6<\/p>\n<p>IHK-Identnummer.: 801328<\/p>\n<h2>Aufsichtsbeh\u00f6rde:<\/h2>\n<p>Berufsbezeichnung: Orthop\u00e4discher Schuhmacher-Meister<\/p>\n<p>Verliehen durch: Handwerkskammer Rhein-Main<\/p>\n<p>Zust\u00e4ndige Kammer: Handwerkskammer Koblenz<br \/>\nEs gelten folgende berufsrechtliche Regelungen: Gesetz zur Ordnung des Handwerks (Handwerksordnung ) in der Fassung der Bekanntmachung der Neufassung vom 24.09.1998 (BGBI. I S.3074), zuletzt ge\u00e4ndert durch Art. 9a des Gesetzes vom 07.09.2007 (BGBI. I S.2246).<\/p>\n<h2>Angaben zur Berufshaftpflichtversicherung:<\/h2>\n<p>Name und Sitz der Gesellschaft:<br \/>\nProvinzial Rheinland, Gesch\u00e4ftsstelle Asbach<\/p>\n<p>Geltungsraum der Versicherung:<br \/>\nDeutschland<\/p>\n<h2>Hinweis auf EU-Streitschlichtung<\/h2>\n<p>Die Europ\u00e4ische Kommission stellt eine Plattform zur Online-Streitbeilegung (OS) bereit: <a href=\"http:\/\/ec.europa.eu\/consumers\/odr\">http:\/\/ec.europa.eu\/consumers\/odr<\/a><br \/>\nUnsere E-Mail-Adresse finden sie oben im Impressum.<\/p>\n<p>Quelle: <em><a href=\"https:\/\/www.e-recht24.de\">https:\/\/www.e-recht24.de<\/a><\/em><\/p>\n","protected":false},"excerpt":{"rendered":"<p>Angaben gem\u00e4\u00df \u00a7 5 TMG: Berthold Klein Orthop\u00e4die-Schuhtechnik Neuer Weg 18 53567 Asbach-Sch\u00f6neberg Kontakt: Telefon: +49 2683 4501 Telefax: +49 2684 43 948 E-Mail: skoggle@gmx.de Umsatzsteuer-ID: Umsatzsteuer-Identifikationsnummer gem\u00e4\u00df \u00a727 a Umsatzsteuergesetz: DE 149435604 Institutionskennzeichen: 340710338 Steuer-Nr. 32\/087\/5523\/6 IHK-Identnummer.: 801328 Aufsichtsbeh\u00f6rde: Berufsbezeichnung: Orthop\u00e4discher Schuhmacher-Meister Verliehen durch: Handwerkskammer Rhein-Main Zust\u00e4ndige Kammer: Handwerkskammer Koblenz Es gelten folgende berufsrechtliche [&hellip;]<\/p>\n","protected":false},"author":1,"featured_media":0,"parent":0,"menu_order":5,"comment_status":"closed","ping_status":"closed","template":"page-templates\/full-width.php","meta":{"footnotes":""},"class_list":["post-32","page","type-page","status-publish","hentry"],"_links":{"self":[{"href":"https:\/\/orthopaedieschuhtechnik-b-klein.de\/index.php?rest_route=\/wp\/v2\/pages\/32","targetHints":{"allow":["GET"]}}],"collection":[{"href":"https:\/\/orthopaedieschuhtechnik-b-klein.de\/index.php?rest_route=\/wp\/v2\/pages"}],"about":[{"href":"https:\/\/orthopaedieschuhtechnik-b-klein.de\/index.php?rest_route=\/wp\/v2\/types\/page"}],"author":[{"embeddable":true,"href":"https:\/\/orthopaedieschuhtechnik-b-klein.de\/index.php?rest_route=\/wp\/v2\/users\/1"}],"replies":[{"embeddable":true,"href":"https:\/\/orthopaedieschuhtechnik-b-klein.de\/index.php?rest_route=%2Fwp%2Fv2%2Fcomments&post=32"}],"version-history":[{"count":5,"href":"https:\/\/orthopaedieschuhtechnik-b-klein.de\/index.php?rest_route=\/wp\/v2\/pages\/32\/revisions"}],"predecessor-version":[{"id":172,"href":"https:\/\/orthopaedieschuhtechnik-b-klein.de\/index.php?rest_route=\/wp\/v2\/pages\/32\/revisions\/172"}],"wp:attachment":[{"href":"https:\/\/orthopaedieschuhtechnik-b-klein.de\/index.php?rest_route=%2Fwp%2Fv2%2Fmedia&parent=32"}],"curies":[{"name":"wp","href":"https:\/\/api.w.org\/{rel}","templated":true}]}}