{"id":2,"date":"2016-05-10T03:48:21","date_gmt":"2016-05-10T03:48:21","guid":{"rendered":"http:\/\/wp452m.a10-52-158-154.qa.plesk.ru\/wordpress\/?page_id=2"},"modified":"2016-12-14T10:24:35","modified_gmt":"2016-12-14T10:24:35","slug":"sample-page","status":"publish","type":"page","link":"https:\/\/orthopaedieschuhtechnik-b-klein.de\/","title":{"rendered":"Startseite"},"content":{"rendered":"<p><img loading=\"lazy\" decoding=\"async\" class=\"aligncenter wp-image-42 size-full\" src=\"http:\/\/orthopaedieschuhtechnik-b-klein.de\/wp-content\/uploads\/2016\/11\/cropped-Adler-5.jpg\" alt=\"cropped-Adler.jpg\" width=\"2000\" height=\"840\" srcset=\"https:\/\/orthopaedieschuhtechnik-b-klein.de\/wp-content\/uploads\/2016\/11\/cropped-Adler-5.jpg 2000w, https:\/\/orthopaedieschuhtechnik-b-klein.de\/wp-content\/uploads\/2016\/11\/cropped-Adler-5-300x126.jpg 300w, https:\/\/orthopaedieschuhtechnik-b-klein.de\/wp-content\/uploads\/2016\/11\/cropped-Adler-5-768x323.jpg 768w, https:\/\/orthopaedieschuhtechnik-b-klein.de\/wp-content\/uploads\/2016\/11\/cropped-Adler-5-1024x430.jpg 1024w, https:\/\/orthopaedieschuhtechnik-b-klein.de\/wp-content\/uploads\/2016\/11\/cropped-Adler-5-624x262.jpg 624w\" sizes=\"auto, (max-width: 2000px) 100vw, 2000px\" \/><\/p>\n<hr \/>\n<p style=\"text-align: center;\">Hallo, Sie sind hier auf der Website der<\/p>\n<h1 style=\"text-align: center;\"><strong>Sport &amp; Orthop\u00e4die-Schuhtechnik Berthold Klein<\/strong>.<\/h1>\n<h3 style=\"text-align: center;\">Sie suchen einen\u00a0Orthop\u00e4dischen Schuhmacher oder ben\u00f6tigen eine Schuhreparatur\u00a0in der N\u00e4he von Asbach, Neustadt, Windhagen, Buchholz oder Flammersfeld? Dann sind Sie bei mir richtig!<\/h3>\n<h3 style=\"text-align: center;\">Ich bin Orthop\u00e4discher Schuhmacher-Meister und\u00a0kann Sie gerne im Interesse gesunder F\u00fc\u00dfe und qualitativer Schuhe beraten.<\/h3>\n<h3 style=\"text-align: center;\">Von der\u00a0Reparatur der unterschiedlichsten Schuhe, \u00fcber die\u00a0Ma\u00dfanfertigung orthop\u00e4discher Einlagen, Weiten von Schuhen, alles rund ums\u00a0Leder bis zum Schn\u00fcrsenkel und Spazierstock kann ich Ihnen weiterhelfen.<\/h3>\n<h3 style=\"text-align: center;\">Auf meiner Seite k\u00f6nnen Sie N\u00e4heres \u00fcber mein Schuhgesch\u00e4ft, was ich f\u00fcr Sie tun kann, wie Sie zu mir finden und die Geschichte des Ladens\u00a0erfahren.<\/h3>\n<p style=\"text-align: center;\">Ihr Berthold Klein<\/p>\n<hr \/>\n<p style=\"text-align: center;\"><strong>\u00d6ffnungszeiten<\/strong><\/p>\n<p style=\"text-align: center;\"><span style=\"color: #000000;\">Vormittags <strong>9:30 &#8211; 12:00<\/strong><\/span><\/p>\n<p style=\"text-align: center;\"><span style=\"color: #000000;\">Nachmittags <strong>15:00 &#8211; 17:00<\/strong><\/span><\/p>\n<p style=\"text-align: center;\"><em><strong>! Mittwoch-Nachmittag<\/strong> und<strong> Samstag GESCHLOSSEN\u00a0!<br \/>\n<\/strong><\/em><\/p>\n<p style=\"text-align: center;\">&#8230;und nach Vereinbarung (Tel. <strong><em>02683 4501<\/em><\/strong>)<\/p>\n<hr \/>\n<p><img loading=\"lazy\" decoding=\"async\" class=\"aligncenter wp-image-86 size-large\" src=\"http:\/\/orthopaedieschuhtechnik-b-klein.de\/wp-content\/uploads\/2016\/05\/Schuhmacherkugel-sw-1024x678.jpg\" alt=\"schuhmacherkugel-sw\" width=\"625\" height=\"414\" srcset=\"https:\/\/orthopaedieschuhtechnik-b-klein.de\/wp-content\/uploads\/2016\/05\/Schuhmacherkugel-sw-1024x678.jpg 1024w, https:\/\/orthopaedieschuhtechnik-b-klein.de\/wp-content\/uploads\/2016\/05\/Schuhmacherkugel-sw-300x199.jpg 300w, https:\/\/orthopaedieschuhtechnik-b-klein.de\/wp-content\/uploads\/2016\/05\/Schuhmacherkugel-sw-768x509.jpg 768w, https:\/\/orthopaedieschuhtechnik-b-klein.de\/wp-content\/uploads\/2016\/05\/Schuhmacherkugel-sw-624x413.jpg 624w\" sizes=\"auto, (max-width: 625px) 100vw, 625px\" \/><\/p>\n","protected":false},"excerpt":{"rendered":"<p>Hallo, Sie sind hier auf der Website der Sport &amp; Orthop\u00e4die-Schuhtechnik Berthold Klein. Sie suchen einen\u00a0Orthop\u00e4dischen Schuhmacher oder ben\u00f6tigen eine Schuhreparatur\u00a0in der N\u00e4he von Asbach, Neustadt, Windhagen, Buchholz oder Flammersfeld? Dann sind Sie bei mir richtig! Ich bin Orthop\u00e4discher Schuhmacher-Meister und\u00a0kann Sie gerne im Interesse gesunder F\u00fc\u00dfe und qualitativer Schuhe beraten. Von der\u00a0Reparatur der unterschiedlichsten [&hellip;]<\/p>\n","protected":false},"author":1,"featured_media":0,"parent":0,"menu_order":1,"comment_status":"closed","ping_status":"open","template":"","meta":{"footnotes":""},"class_list":["post-2","page","type-page","status-publish","hentry"],"_links":{"self":[{"href":"https:\/\/orthopaedieschuhtechnik-b-klein.de\/index.php?rest_route=\/wp\/v2\/pages\/2","targetHints":{"allow":["GET"]}}],"collection":[{"href":"https:\/\/orthopaedieschuhtechnik-b-klein.de\/index.php?rest_route=\/wp\/v2\/pages"}],"about":[{"href":"https:\/\/orthopaedieschuhtechnik-b-klein.de\/index.php?rest_route=\/wp\/v2\/types\/page"}],"author":[{"embeddable":true,"href":"https:\/\/orthopaedieschuhtechnik-b-klein.de\/index.php?rest_route=\/wp\/v2\/users\/1"}],"replies":[{"embeddable":true,"href":"https:\/\/orthopaedieschuhtechnik-b-klein.de\/index.php?rest_route=%2Fwp%2Fv2%2Fcomments&post=2"}],"version-history":[{"count":23,"href":"https:\/\/orthopaedieschuhtechnik-b-klein.de\/index.php?rest_route=\/wp\/v2\/pages\/2\/revisions"}],"predecessor-version":[{"id":137,"href":"https:\/\/orthopaedieschuhtechnik-b-klein.de\/index.php?rest_route=\/wp\/v2\/pages\/2\/revisions\/137"}],"wp:attachment":[{"href":"https:\/\/orthopaedieschuhtechnik-b-klein.de\/index.php?rest_route=%2Fwp%2Fv2%2Fmedia&parent=2"}],"curies":[{"name":"wp","href":"https:\/\/api.w.org\/{rel}","templated":true}]}}