{"id":10,"date":"2016-11-08T19:18:15","date_gmt":"2016-11-08T19:18:15","guid":{"rendered":"http:\/\/orthopaedieschuhtechnik-b-klein.de\/?page_id=10"},"modified":"2016-12-27T11:45:46","modified_gmt":"2016-12-27T11:45:46","slug":"leistungen","status":"publish","type":"page","link":"https:\/\/orthopaedieschuhtechnik-b-klein.de\/?page_id=10","title":{"rendered":"Schusterei Leistungen"},"content":{"rendered":"\n\t\t<style type=\"text\/css\">\n\t\t\t#gallery-1 {\n\t\t\t\tmargin: auto;\n\t\t\t}\n\t\t\t#gallery-1 .gallery-item {\n\t\t\t\tfloat: left;\n\t\t\t\tmargin-top: 10px;\n\t\t\t\ttext-align: center;\n\t\t\t\twidth: 33%;\n\t\t\t}\n\t\t\t#gallery-1 img {\n\t\t\t\tborder: 2px solid #cfcfcf;\n\t\t\t}\n\t\t\t#gallery-1 .gallery-caption {\n\t\t\t\tmargin-left: 0;\n\t\t\t}\n\t\t\t\/* see gallery_shortcode() in wp-includes\/media.php *\/\n\t\t<\/style>\n\t\t<div id='gallery-1' class='gallery galleryid-10 gallery-columns-3 gallery-size-medium'><dl class='gallery-item'>\n\t\t\t<dt class='gallery-icon landscape'>\n\t\t\t\t<a href='https:\/\/orthopaedieschuhtechnik-b-klein.de\/?attachment_id=22'><img loading=\"lazy\" decoding=\"async\" width=\"300\" height=\"199\" src=\"https:\/\/orthopaedieschuhtechnik-b-klein.de\/wp-content\/uploads\/2016\/11\/Schuhe-1-1-300x199.jpg\" class=\"attachment-medium size-medium\" alt=\"schuhe\" srcset=\"https:\/\/orthopaedieschuhtechnik-b-klein.de\/wp-content\/uploads\/2016\/11\/Schuhe-1-1-300x199.jpg 300w, https:\/\/orthopaedieschuhtechnik-b-klein.de\/wp-content\/uploads\/2016\/11\/Schuhe-1-1-768x509.jpg 768w, https:\/\/orthopaedieschuhtechnik-b-klein.de\/wp-content\/uploads\/2016\/11\/Schuhe-1-1-1024x678.jpg 1024w, https:\/\/orthopaedieschuhtechnik-b-klein.de\/wp-content\/uploads\/2016\/11\/Schuhe-1-1-624x413.jpg 624w\" sizes=\"auto, (max-width: 300px) 100vw, 300px\" \/><\/a>\n\t\t\t<\/dt><\/dl><dl class='gallery-item'>\n\t\t\t<dt class='gallery-icon landscape'>\n\t\t\t\t<a href='https:\/\/orthopaedieschuhtechnik-b-klein.de\/?attachment_id=21'><img loading=\"lazy\" decoding=\"async\" width=\"300\" height=\"199\" src=\"https:\/\/orthopaedieschuhtechnik-b-klein.de\/wp-content\/uploads\/2016\/11\/Schuh-1-300x199.jpg\" class=\"attachment-medium size-medium\" alt=\"schuh\" srcset=\"https:\/\/orthopaedieschuhtechnik-b-klein.de\/wp-content\/uploads\/2016\/11\/Schuh-1-300x199.jpg 300w, https:\/\/orthopaedieschuhtechnik-b-klein.de\/wp-content\/uploads\/2016\/11\/Schuh-1-768x509.jpg 768w, https:\/\/orthopaedieschuhtechnik-b-klein.de\/wp-content\/uploads\/2016\/11\/Schuh-1-1024x678.jpg 1024w, https:\/\/orthopaedieschuhtechnik-b-klein.de\/wp-content\/uploads\/2016\/11\/Schuh-1-624x413.jpg 624w\" sizes=\"auto, (max-width: 300px) 100vw, 300px\" \/><\/a>\n\t\t\t<\/dt><\/dl><dl class='gallery-item'>\n\t\t\t<dt class='gallery-icon landscape'>\n\t\t\t\t<a href='https:\/\/orthopaedieschuhtechnik-b-klein.de\/?attachment_id=26'><img loading=\"lazy\" decoding=\"async\" width=\"300\" height=\"199\" src=\"https:\/\/orthopaedieschuhtechnik-b-klein.de\/wp-content\/uploads\/2016\/11\/Werkstatt-2-300x199.jpg\" class=\"attachment-medium size-medium\" alt=\"ausputzmaschine\" srcset=\"https:\/\/orthopaedieschuhtechnik-b-klein.de\/wp-content\/uploads\/2016\/11\/Werkstatt-2-300x199.jpg 300w, https:\/\/orthopaedieschuhtechnik-b-klein.de\/wp-content\/uploads\/2016\/11\/Werkstatt-2-768x509.jpg 768w, https:\/\/orthopaedieschuhtechnik-b-klein.de\/wp-content\/uploads\/2016\/11\/Werkstatt-2-1024x678.jpg 1024w, https:\/\/orthopaedieschuhtechnik-b-klein.de\/wp-content\/uploads\/2016\/11\/Werkstatt-2-624x413.jpg 624w\" sizes=\"auto, (max-width: 300px) 100vw, 300px\" \/><\/a>\n\t\t\t<\/dt><\/dl><br style=\"clear: both\" \/>\n\t\t<\/div>\n\n<hr \/>\n<p><strong>Hochwertige Schuhreparaturen<\/strong>: Vom in die Jahre gekommenen Liebhaberst\u00fcck, \u00fcber\u00a0abgetrenene Wanderstiefel oder den edlen Klassiker, bis zum Laufschuh, der sich nach vielen Kilometern langsam von seiner Sohle verabschiedet, f\u00fcr die meisten Probleme findet sich eine L\u00f6sung.<\/p>\n<p><strong>Orthop\u00e4dische Schuhzurichtungen<\/strong>: Beispielsweise Ballenrollen, Schmetterlingsrollen, Verk\u00fcrzungsausgleiche, Au\u00dfenranderh\u00f6hungen, etc.<\/p>\n<p><strong>Orthop\u00e4discher Einlagenbau<\/strong>, wie Fersensporneinlagen<\/p>\n<hr \/>\n\n\t\t<style type=\"text\/css\">\n\t\t\t#gallery-2 {\n\t\t\t\tmargin: auto;\n\t\t\t}\n\t\t\t#gallery-2 .gallery-item {\n\t\t\t\tfloat: left;\n\t\t\t\tmargin-top: 10px;\n\t\t\t\ttext-align: center;\n\t\t\t\twidth: 33%;\n\t\t\t}\n\t\t\t#gallery-2 img {\n\t\t\t\tborder: 2px solid #cfcfcf;\n\t\t\t}\n\t\t\t#gallery-2 .gallery-caption {\n\t\t\t\tmargin-left: 0;\n\t\t\t}\n\t\t\t\/* see gallery_shortcode() in wp-includes\/media.php *\/\n\t\t<\/style>\n\t\t<div id='gallery-2' class='gallery galleryid-10 gallery-columns-3 gallery-size-medium'><dl class='gallery-item'>\n\t\t\t<dt class='gallery-icon landscape'>\n\t\t\t\t<a href='https:\/\/orthopaedieschuhtechnik-b-klein.de\/?attachment_id=25'><img loading=\"lazy\" decoding=\"async\" width=\"300\" height=\"199\" src=\"https:\/\/orthopaedieschuhtechnik-b-klein.de\/wp-content\/uploads\/2016\/11\/Werkstatt-1-300x199.jpg\" class=\"attachment-medium size-medium\" alt=\"schuster werkstatt\" srcset=\"https:\/\/orthopaedieschuhtechnik-b-klein.de\/wp-content\/uploads\/2016\/11\/Werkstatt-1-300x199.jpg 300w, https:\/\/orthopaedieschuhtechnik-b-klein.de\/wp-content\/uploads\/2016\/11\/Werkstatt-1-768x509.jpg 768w, https:\/\/orthopaedieschuhtechnik-b-klein.de\/wp-content\/uploads\/2016\/11\/Werkstatt-1-1024x678.jpg 1024w, https:\/\/orthopaedieschuhtechnik-b-klein.de\/wp-content\/uploads\/2016\/11\/Werkstatt-1-624x413.jpg 624w\" sizes=\"auto, (max-width: 300px) 100vw, 300px\" \/><\/a>\n\t\t\t<\/dt><\/dl><dl class='gallery-item'>\n\t\t\t<dt class='gallery-icon landscape'>\n\t\t\t\t<a href='https:\/\/orthopaedieschuhtechnik-b-klein.de\/?attachment_id=24'><img loading=\"lazy\" decoding=\"async\" width=\"300\" height=\"199\" src=\"https:\/\/orthopaedieschuhtechnik-b-klein.de\/wp-content\/uploads\/2016\/11\/Spazierst\u00f6cke-300x199.jpg\" class=\"attachment-medium size-medium\" alt=\"spazierstoecke\" srcset=\"https:\/\/orthopaedieschuhtechnik-b-klein.de\/wp-content\/uploads\/2016\/11\/Spazierst\u00f6cke-300x199.jpg 300w, https:\/\/orthopaedieschuhtechnik-b-klein.de\/wp-content\/uploads\/2016\/11\/Spazierst\u00f6cke-768x509.jpg 768w, https:\/\/orthopaedieschuhtechnik-b-klein.de\/wp-content\/uploads\/2016\/11\/Spazierst\u00f6cke-1024x678.jpg 1024w, https:\/\/orthopaedieschuhtechnik-b-klein.de\/wp-content\/uploads\/2016\/11\/Spazierst\u00f6cke-624x413.jpg 624w\" sizes=\"auto, (max-width: 300px) 100vw, 300px\" \/><\/a>\n\t\t\t<\/dt><\/dl><dl class='gallery-item'>\n\t\t\t<dt class='gallery-icon landscape'>\n\t\t\t\t<a href='https:\/\/orthopaedieschuhtechnik-b-klein.de\/?attachment_id=20'><img loading=\"lazy\" decoding=\"async\" width=\"300\" height=\"199\" src=\"https:\/\/orthopaedieschuhtechnik-b-klein.de\/wp-content\/uploads\/2016\/11\/Schubladen-300x199.jpg\" class=\"attachment-medium size-medium\" alt=\"schuhe zubeh\u00f6r\" srcset=\"https:\/\/orthopaedieschuhtechnik-b-klein.de\/wp-content\/uploads\/2016\/11\/Schubladen-300x199.jpg 300w, https:\/\/orthopaedieschuhtechnik-b-klein.de\/wp-content\/uploads\/2016\/11\/Schubladen-768x509.jpg 768w, https:\/\/orthopaedieschuhtechnik-b-klein.de\/wp-content\/uploads\/2016\/11\/Schubladen-1024x678.jpg 1024w, https:\/\/orthopaedieschuhtechnik-b-klein.de\/wp-content\/uploads\/2016\/11\/Schubladen-624x413.jpg 624w\" sizes=\"auto, (max-width: 300px) 100vw, 300px\" \/><\/a>\n\t\t\t<\/dt><\/dl><br style=\"clear: both\" \/>\n\t\t<\/div>\n\n<hr \/>\n<p><strong>Diverse Sattlerarbeiten und Reparaturen<\/strong> von Taschen, G\u00fcrteln, oder anderen Lederartikeln nach Absprache<\/p>\n<p><em><strong>&#8230;und f\u00fcr alles andere, einfach nachfragen!<\/strong><\/em><\/p>\n<hr \/>\n\n\t\t<style type=\"text\/css\">\n\t\t\t#gallery-3 {\n\t\t\t\tmargin: auto;\n\t\t\t}\n\t\t\t#gallery-3 .gallery-item {\n\t\t\t\tfloat: left;\n\t\t\t\tmargin-top: 10px;\n\t\t\t\ttext-align: center;\n\t\t\t\twidth: 33%;\n\t\t\t}\n\t\t\t#gallery-3 img {\n\t\t\t\tborder: 2px solid #cfcfcf;\n\t\t\t}\n\t\t\t#gallery-3 .gallery-caption {\n\t\t\t\tmargin-left: 0;\n\t\t\t}\n\t\t\t\/* see gallery_shortcode() in wp-includes\/media.php *\/\n\t\t<\/style>\n\t\t<div id='gallery-3' class='gallery galleryid-10 gallery-columns-3 gallery-size-medium'><dl class='gallery-item'>\n\t\t\t<dt class='gallery-icon landscape'>\n\t\t\t\t<a href='https:\/\/orthopaedieschuhtechnik-b-klein.de\/?attachment_id=18'><img loading=\"lazy\" decoding=\"async\" width=\"300\" height=\"199\" src=\"https:\/\/orthopaedieschuhtechnik-b-klein.de\/wp-content\/uploads\/2016\/11\/Leder-300x199.jpg\" class=\"attachment-medium size-medium\" alt=\"leder\" srcset=\"https:\/\/orthopaedieschuhtechnik-b-klein.de\/wp-content\/uploads\/2016\/11\/Leder-300x199.jpg 300w, https:\/\/orthopaedieschuhtechnik-b-klein.de\/wp-content\/uploads\/2016\/11\/Leder-768x509.jpg 768w, https:\/\/orthopaedieschuhtechnik-b-klein.de\/wp-content\/uploads\/2016\/11\/Leder-1024x678.jpg 1024w, https:\/\/orthopaedieschuhtechnik-b-klein.de\/wp-content\/uploads\/2016\/11\/Leder-624x413.jpg 624w\" sizes=\"auto, (max-width: 300px) 100vw, 300px\" \/><\/a>\n\t\t\t<\/dt><\/dl><dl class='gallery-item'>\n\t\t\t<dt class='gallery-icon landscape'>\n\t\t\t\t<a href='https:\/\/orthopaedieschuhtechnik-b-klein.de\/?attachment_id=15'><img loading=\"lazy\" decoding=\"async\" width=\"300\" height=\"199\" src=\"https:\/\/orthopaedieschuhtechnik-b-klein.de\/wp-content\/uploads\/2016\/11\/Adler-2-300x199.jpg\" class=\"attachment-medium size-medium\" alt=\"adler 2\" srcset=\"https:\/\/orthopaedieschuhtechnik-b-klein.de\/wp-content\/uploads\/2016\/11\/Adler-2-300x199.jpg 300w, https:\/\/orthopaedieschuhtechnik-b-klein.de\/wp-content\/uploads\/2016\/11\/Adler-2-768x509.jpg 768w, https:\/\/orthopaedieschuhtechnik-b-klein.de\/wp-content\/uploads\/2016\/11\/Adler-2-1024x678.jpg 1024w, https:\/\/orthopaedieschuhtechnik-b-klein.de\/wp-content\/uploads\/2016\/11\/Adler-2-624x413.jpg 624w\" sizes=\"auto, (max-width: 300px) 100vw, 300px\" \/><\/a>\n\t\t\t<\/dt><\/dl><dl class='gallery-item'>\n\t\t\t<dt class='gallery-icon landscape'>\n\t\t\t\t<a href='https:\/\/orthopaedieschuhtechnik-b-klein.de\/?attachment_id=19'><img loading=\"lazy\" decoding=\"async\" width=\"300\" height=\"199\" src=\"https:\/\/orthopaedieschuhtechnik-b-klein.de\/wp-content\/uploads\/2016\/11\/N\u00e4hgarn-300x199.jpg\" class=\"attachment-medium size-medium\" alt=\"naehgarn\" srcset=\"https:\/\/orthopaedieschuhtechnik-b-klein.de\/wp-content\/uploads\/2016\/11\/N\u00e4hgarn-300x199.jpg 300w, https:\/\/orthopaedieschuhtechnik-b-klein.de\/wp-content\/uploads\/2016\/11\/N\u00e4hgarn-768x509.jpg 768w, https:\/\/orthopaedieschuhtechnik-b-klein.de\/wp-content\/uploads\/2016\/11\/N\u00e4hgarn-1024x678.jpg 1024w, https:\/\/orthopaedieschuhtechnik-b-klein.de\/wp-content\/uploads\/2016\/11\/N\u00e4hgarn-624x413.jpg 624w\" sizes=\"auto, (max-width: 300px) 100vw, 300px\" \/><\/a>\n\t\t\t<\/dt><\/dl><br style=\"clear: both\" \/>\n\t\t<\/div>\n\n","protected":false},"excerpt":{"rendered":"<p>Hochwertige Schuhreparaturen: Vom in die Jahre gekommenen Liebhaberst\u00fcck, \u00fcber\u00a0abgetrenene Wanderstiefel oder den edlen Klassiker, bis zum Laufschuh, der sich nach vielen Kilometern langsam von seiner Sohle verabschiedet, f\u00fcr die meisten Probleme findet sich eine L\u00f6sung. Orthop\u00e4dische Schuhzurichtungen: Beispielsweise Ballenrollen, Schmetterlingsrollen, Verk\u00fcrzungsausgleiche, Au\u00dfenranderh\u00f6hungen, etc. Orthop\u00e4discher Einlagenbau, wie Fersensporneinlagen Diverse Sattlerarbeiten und Reparaturen von Taschen, G\u00fcrteln, oder [&hellip;]<\/p>\n","protected":false},"author":1,"featured_media":0,"parent":0,"menu_order":2,"comment_status":"closed","ping_status":"closed","template":"page-templates\/full-width.php","meta":{"footnotes":""},"class_list":["post-10","page","type-page","status-publish","hentry"],"_links":{"self":[{"href":"https:\/\/orthopaedieschuhtechnik-b-klein.de\/index.php?rest_route=\/wp\/v2\/pages\/10","targetHints":{"allow":["GET"]}}],"collection":[{"href":"https:\/\/orthopaedieschuhtechnik-b-klein.de\/index.php?rest_route=\/wp\/v2\/pages"}],"about":[{"href":"https:\/\/orthopaedieschuhtechnik-b-klein.de\/index.php?rest_route=\/wp\/v2\/types\/page"}],"author":[{"embeddable":true,"href":"https:\/\/orthopaedieschuhtechnik-b-klein.de\/index.php?rest_route=\/wp\/v2\/users\/1"}],"replies":[{"embeddable":true,"href":"https:\/\/orthopaedieschuhtechnik-b-klein.de\/index.php?rest_route=%2Fwp%2Fv2%2Fcomments&post=10"}],"version-history":[{"count":9,"href":"https:\/\/orthopaedieschuhtechnik-b-klein.de\/index.php?rest_route=\/wp\/v2\/pages\/10\/revisions"}],"predecessor-version":[{"id":140,"href":"https:\/\/orthopaedieschuhtechnik-b-klein.de\/index.php?rest_route=\/wp\/v2\/pages\/10\/revisions\/140"}],"wp:attachment":[{"href":"https:\/\/orthopaedieschuhtechnik-b-klein.de\/index.php?rest_route=%2Fwp%2Fv2%2Fmedia&parent=10"}],"curies":[{"name":"wp","href":"https:\/\/api.w.org\/{rel}","templated":true}]}}